{"id":7,"date":"2019-01-09T13:55:05","date_gmt":"2019-01-09T13:55:05","guid":{"rendered":"https:\/\/www.cruisetravelcm.de\/?page_id=7"},"modified":"2019-01-09T13:55:05","modified_gmt":"2019-01-09T13:55:05","slug":"impressum","status":"publish","type":"page","link":"https:\/\/www.cruisetravelcm.de\/index.php\/impressum\/","title":{"rendered":"Impressum"},"content":{"rendered":"<p><strong>VERANTWORTLICHER<\/strong><\/p>\n<p align=\"\u201ejustify\u201c\">\nGerd W\u00fcsthoff<br \/>\nNagelschmiedegasse 2<br \/>\n44263 Dortmund<\/p>\n<p><a href=\"mailto:gewue@cruisetravelcm.de?subject=Anfrage%20an%20Cruisetravelcm.de\">gewue(at)cruisetravelcm.de<\/a><\/p>\n<p><strong>VERBOT ZUR NUTZUNG DER ANSCHRIFTEN IM IMPRESSUM<\/strong><\/p>\n<p align=\"justify\">Einer Nutzung der im Impressum ver\u00f6ffentlichten Kontaktdaten durch Dritte zu Werbezwecken wird hiermit ausdr\u00fccklich widersprochen. Ich behalte mir f\u00fcr den Fall unverlangt zugesandter Werbe- oder Informationsschreiben ausdr\u00fccklich rechtliche Schritte vor.<\/p>\n<p><strong>URHEBERRECHT<\/strong><\/p>\n<p align=\"justify\">Der Betreiber der Seite ist bem\u00fcht, stets die Urheberrechte Anderer zu beachten bzw. auf selbst erstellte sowie lizenzfreie Werke zur\u00fcckzugreifen. Die durch den Seitenbetreiber erstellten Inhalte und Werke auf diesen Seiten unterliegen dem deutschen Urheberrecht. Beitr\u00e4ge Dritter sind als solche gekennzeichnet. Die Vervielf\u00e4ltigung, Bearbeitung, Verbreitung und jede Art der Verwertung au\u00dferhalb der Grenzen des Urheberrechtes bed\u00fcrfen der schriftlichen Zustimmung des jeweiligen Autors bzw. Erstellers. Downloads und Kopien dieser Seite sind nur f\u00fcr den privaten, nicht kommerziellen Gebrauch gestattet.<\/p>\n<p align=\"justify\">Alle innerhalb des Internetangebotes genannten und ggf. durch Dritte gesch\u00fctzten Marken- und Warenzeichen unterliegen uneingeschr\u00e4nkt den Bestimmungen des jeweils g\u00fcltigen Kennzeichenrechts und den Besitzrechten der jeweiligen eingetragenen Eigent\u00fcmer. Allein aufgrund der blo\u00dfen Nennung ist nicht der Schluss zu ziehen, dass Markenzeichen nicht durch Rechte Dritter gesch\u00fctzt sind!<\/p>\n<p align=\"justify\">Das Copyright f\u00fcr ver\u00f6ffentlichte, vom Autor selbst erstellte Objekte bleibt allein beim Autor der Seiten. Eine Vervielf\u00e4ltigung oder Verwendung solcher Grafiken, Tondokumente, Videosequenzen und Texte in anderen elektronischen oder gedruckten Publikationen ist ohne ausdr\u00fcckliche Zustimmung des Autors nicht gestattet.<\/p>\n<p align=\"justify\">Copyright f\u00fcr Fotos liegen bei .. (Seite in Bearbeitung)<\/p>\n<p><strong>RECHTSWIRKSAMKEIT DIESES HAFTUNGSAUSSCHLUSSES<\/strong><\/p>\n<p align=\"justify\">Dieser Haftungsausschluss ist als Teil des Internetangebotes zu betrachten, von dem aus auf diese Seite verwiesen wurde. Sofern Teile oder einzelne Formulierungen dieses Textes der geltenden Rechtslage nicht, nicht mehr oder nicht vollst\u00e4ndig entsprechen sollten, bleiben die \u00fcbrigen Teile des Dokumentes in ihrem Inhalt und ihrer G\u00fcltigkeit davon unber\u00fchrt.<\/p>\n<p><em><strong>Gerd W\u00fcsthoff am 09.01.2019<\/strong><\/em><\/p>\n","protected":false},"excerpt":{"rendered":"<p>VERANTWORTLICHER Gerd W\u00fcsthoff Nagelschmiedegasse 2 44263 Dortmund gewue(at)cruisetravelcm.de VERBOT ZUR NUTZUNG DER ANSCHRIFTEN IM IMPRESSUM Einer Nutzung der im Impressum ver\u00f6ffentlichten Kontaktdaten durch Dritte zu Werbezwecken wird hiermit ausdr\u00fccklich widersprochen. Ich behalte mir f\u00fcr den Fall unverlangt zugesandter Werbe- oder Informationsschreiben ausdr\u00fccklich rechtliche Schritte vor. URHEBERRECHT Der Betreiber der Seite ist bem\u00fcht, stets die Urheberrechte [&hellip;]<\/p>\n","protected":false},"author":2,"featured_media":0,"parent":0,"menu_order":0,"comment_status":"closed","ping_status":"closed","template":"","meta":{"footnotes":""},"class_list":["post-7","page","type-page","status-publish","hentry"],"_links":{"self":[{"href":"https:\/\/www.cruisetravelcm.de\/index.php\/wp-json\/wp\/v2\/pages\/7","targetHints":{"allow":["GET"]}}],"collection":[{"href":"https:\/\/www.cruisetravelcm.de\/index.php\/wp-json\/wp\/v2\/pages"}],"about":[{"href":"https:\/\/www.cruisetravelcm.de\/index.php\/wp-json\/wp\/v2\/types\/page"}],"author":[{"embeddable":true,"href":"https:\/\/www.cruisetravelcm.de\/index.php\/wp-json\/wp\/v2\/users\/2"}],"replies":[{"embeddable":true,"href":"https:\/\/www.cruisetravelcm.de\/index.php\/wp-json\/wp\/v2\/comments?post=7"}],"version-history":[{"count":1,"href":"https:\/\/www.cruisetravelcm.de\/index.php\/wp-json\/wp\/v2\/pages\/7\/revisions"}],"predecessor-version":[{"id":8,"href":"https:\/\/www.cruisetravelcm.de\/index.php\/wp-json\/wp\/v2\/pages\/7\/revisions\/8"}],"wp:attachment":[{"href":"https:\/\/www.cruisetravelcm.de\/index.php\/wp-json\/wp\/v2\/media?parent=7"}],"curies":[{"name":"wp","href":"https:\/\/api.w.org\/{rel}","templated":true}]}}